{"id":228,"date":"2025-12-19T22:23:38","date_gmt":"2025-12-19T21:23:38","guid":{"rendered":"https:\/\/kayhelena.work\/privacy-policy-br\/"},"modified":"2026-01-12T21:15:33","modified_gmt":"2026-01-12T20:15:33","slug":"privacy-policy-br","status":"publish","type":"page","link":"https:\/\/kayhelena.work\/en\/privacy-policy-br\/","title":{"rendered":"Privacy Policy (BR)"},"content":{"rendered":"\n<!-- Legal document generated by Complianz | GDPR\/CCPA Cookie Consent https:\/\/wordpress.org\/plugins\/complianz-gdpr -->\n<div id=\"cmplz-document\" class=\"cmplz-document privacy-statement cmplz-document-br\"><p><i>This privacy statement was last updated on 21.02.2026 and applies to citizens and legal permanent residents of Brazil.<\/i><br \/><br \/><\/p><p>In this privacy statement, we explain what we do with the data we obtain about you via <a href=\"https:\/\/kayhelena.work\/en\/\">https:\/\/kayhelena.work\/en\/<\/a>. We recommend you carefully read this statement. In our processing we comply with the requirements of privacy legislation. That means, among other things, that:<\/p><ul>\n                <li>we clearly state the purposes for which we process personal data. We do this by means of this privacy statement;<\/li>\n                <li>we aim to limit our collection of personal data to only the personal data required for legitimate purposes;<\/li>\n                <li>we first request your explicit consent to process your personal data in cases requiring your consent;<\/li>\n                <li>we take appropriate security measures to protect your personal data and also require this from parties that process personal data on our behalf;<\/li>\n                <li>we respect your right to access your personal data or have it corrected or deleted, at your request.<\/li>\n            <\/ul><p>If you have any questions, or want to know exactly what data we keep of you, please contact us.<\/p><h2>1. Purpose, data and retention period<\/h2>We may collect or receive personal information for a number of purposes connected with our business operations which may include the following: (click to expand)<details class=\"cmplz-dropdown dropdown-privacy-statement\"><summary><div><h3>1.1 Contact &#8211; Through phone, mail, email and\/or webforms<\/h3><\/div><\/summary><p class=\"cmplz-subtitle\">For this purpose we use the following data:<\/p><p><ul><li>A first and last name<\/li><li>An email address<\/li><\/ul><\/p><p class=\"cmplz-subtitle\">The basis on which we may process these data is:<\/p><p class=\"cmplz-subtitle\">Retention period<\/p><p>We retain this data upon termination of the service for the following number of months: 3<\/p><\/details><details class=\"cmplz-dropdown dropdown-privacy-statement\"><summary><div><h3>1.2 Compiling and analyzing statistics for website improvement.<\/h3><\/div><\/summary><p class=\"cmplz-subtitle\">For this purpose we use the following data:<\/p><p><ul><li>IP Address<\/li><li>Geolocation data<\/li><\/ul><\/p><p class=\"cmplz-subtitle\">The basis on which we may process these data is:<\/p><p class=\"cmplz-subtitle\">Retention period<\/p><p>We retain this data upon termination of the service for the following number of months: 3<\/p><\/details><details class=\"cmplz-dropdown dropdown-privacy-statement\"><summary><div><h3>1.3 Registering an account<\/h3><\/div><\/summary><p class=\"cmplz-subtitle\">For this purpose we use the following data:<\/p><p><ul><li>A first and last name<\/li><li>Account name or alias<\/li><li>An email address<\/li><li>IP Address<\/li><\/ul><\/p><p class=\"cmplz-subtitle\">The basis on which we may process these data is:<\/p><p class=\"cmplz-subtitle\">Retention period<\/p><p>We retain this data upon termination of the service for the following number of months: 3<\/p><\/details><h2>2. What if you don&#039;t provide us with your personal information?<\/h2><p>If you don&#8217;t provide us with your personal information, we may not be able to provide you with the information, products or assistance that you are seeking.<\/p><h2>3. Cookies<\/h2><p>Our website uses cookies. For more information about cookies, please refer to our <a href=\"https:\/\/kayhelena.work\/en\/cookie-policy-br\/\">Cookie Policy<\/a>.&nbsp;<\/p><h2>4. Disclosure practices<\/h2><p><p>We disclose personal information if we are required by law or by a court order, in response to a law enforcement agency, to the extent permitted under other provisions of law, to provide information, or for an investigation on a matter related to public safety.<\/p><p>If our website or organisation is taken over, sold, or involved in a merger or acquisition, your details may be disclosed to our advisers and any prospective purchasers and will be passed on to the new owners.<\/p><\/p><h2>5. Security<\/h2><p>We are committed to the security of personal data. We take appropriate security measures to limit abuse of and unauthorised access to personal data. This ensures that only the necessary persons have access to your data, that access to the data is protected, and that our security measures are regularly reviewed.<\/p><p>The security measures we use consist of:<\/p><p><ul><li>Login Security<\/li><li>(START)TLS \/ SSL \/ DANE Encryption<\/li><li>HTTP Strict Transport Security and related Security Headers and Browser Policies<\/li><\/ul><\/p><h2>6. Third-party websites<\/h2><p>This privacy statement does not apply to third-party websites connected by links on our website. We cannot guarantee that these third parties handle your personal data in a reliable or secure manner. We recommend you read the privacy statements of these websites prior to making use of these websites.<\/p><h2>7. Amendments to this privacy statement<\/h2><p>We reserve the right to make amendments to this privacy statement. It is recommended that you consult this privacy statement regularly in order to be aware of any changes. In addition, we will actively inform you wherever possible.<\/p><h2>8. Accessing and modifying your data<\/h2><p>If you have any questions or want to know which personal data we have about you, please contact us. You can contact us by using the information below. Your rights with respect to personal data:<\/p><ul>\n                <li>confirmation of the existence of processing;<\/li>\n                <li>access to data;<\/li>\n                <li>correction of incomplete, inaccurate, or outdated data;<\/li>\n                <li>anonymization, blocking, or deletion of unnecessary, excessive, or processed data in disagreement with the provisions of the General Law for the Protection of Personal Data (LGPD);<\/li>\n                <li>portability of data to another service or product provider, upon express request, in accordance with the regulations of the national authority, observing commercial and industrial secrets;<\/li>\n                <li>deletion of personal data processed with the consent of the holder, except in the cases provided for in art. 16 of the General Law for the Protection of Personal Data (LGPD);<\/li>\n                <li>information on public and private entities with which the controller shared data;<\/li>\n                <li>information on the possibility of not providing consent and on the consequences of denial.<\/li>\n            <\/ul><p>To exercise these rights, please contact us. Please refer to the contact details at the bottom of this Privacy Statement.<\/p>\n            <p>Please make sure to always clearly state who you are, so that we can be certain that we do not modify or delete any data of the wrong person.<\/p><h2>9. Submitting a complaint<\/h2><p>If you are not satisfied with the way in which we handle (a complaint about) the processing of your personal data, you have the right to submit a complaint to the National Data Protection Authority (ANPD):<\/p><p><br \/>Autoridade Nacional de Prote\u00e7\u00e3o de Dados\n\t\t\t\t\t\t<br \/>\n\t\t\t\t\t\t<br \/>Esplanada dos Minist\u00e9rios,\n\t\t\t\t\t\t<br \/>Bloco C,\n\t\t\t\t\t\t<br \/>2\u00ba andar,\n\t\t\t\t\t\t<br \/>CEP 70297-400 &#8211; Bras\u00edlia \u2013 DF.\n\t\t\t\t\t\t<br \/><a href=\"https:\/\/www.gov.br\/anpd\/pt-br\/canais_atendimento\/\" target=\"_blank\">Website<\/a><\/p><h2>10. Children<\/h2><p>Our website is not designed to attract children and it is not our intent to collect personal data from children under the age of consent in their country of residence. We therefore request that children under the age of consent do not submit any personal data to us.<\/p><h2>11. Contact details<\/h2><p>Kay Helena Wahdan<br \/>\n        Recklinghauser Stra\u00dfe 115b<br \/>\n44581 Castrop-Rauxel<br \/>\n        Germany<br \/>\n        Website: <a href=\"https:\/\/kayhelena.work\/en\/\">https:\/\/kayhelena.work\/en\/<\/a> <br \/>\n        Email: <span class=\"cmplz-obfuscate\">com&#112;l&#105;&#097;nc&#101;@<span class=\"cmplz-fmail-domain\">&#101;x&#046;com<\/span>k&#097;&#121;&#104;&#101;lena.w&#111;&#114;&#107;<\/span> <br \/>\n        Phone number: +491636324544<\/p><h2>12. Data Requests<\/h2><p>For the most frequently submitted requests, we also offer you the possibility to use our data request form<br \/>\t\t\t<div class=\"cmplz-datarequest cmplz-alert\">\n\t\t\t\t<span class=\"cmplz-close\">&times;<\/span>\n\t\t\t\t<span id=\"cmplz-message\"><\/span>\n\t\t\t<\/div>\n\t\t\t<form id=\"cmplz-datarequest-form\">\n\t\t\t\t<input type=\"hidden\" required value=\"br\" name=\"cmplz_datarequest_region\" id=\"cmplz_datarequest_region\" >\n\n\t\t\t\t<label for=\"cmplz_datarequest_firstname\" class=\"cmplz-first-name\">Name\t\t\t\t\t<input type=\"search\" class=\"datarequest-firstname\" value=\"\" placeholder=\"your first name\" id=\"cmplz_datarequest_firstname\" name=\"cmplz_datarequest_firstname\" >\n\t\t\t\t<\/label>\n\t\t\t\t<div>\n\t\t\t\t\t<label for=\"cmplz_datarequest_name\">Name<\/label>\n\t\t\t\t\t<input type=\"text\" required value=\"\" placeholder=\"Your name\" id=\"cmplz_datarequest_name\" name=\"cmplz_datarequest_name\">\n\t\t\t\t<\/div>\n\t\t\t\t<div>\n\t\t\t\t\t<label for=\"cmplz_datarequest_email\">Email<\/label>\n\t\t\t\t\t<input type=\"email\" required value=\"\" placeholder=\"email@email.com\" id=\"cmplz_datarequest_email\" name=\"cmplz_datarequest_email\">\n\t\t\t\t<\/div>\n\t\t\t\t\t\t\t\t\t\t<div class=\"cmplz_datarequest cmplz_datarequest_request_for_access\">\n\t\t\t\t\t\t\t<label for=\"cmplz_datarequest_request_for_access\">\n\t\t\t\t\t\t\t\t<input type=\"checkbox\" value=\"1\" name=\"cmplz_datarequest_request_for_access\" id=\"cmplz_datarequest_request_for_access\"\/>\n\t\t\t\t\t\t\t\tSubmit a request for access to the data we process about you.\t\t\t\t\t\t\t<\/label>\n\t\t\t\t\t\t<\/div>\n\t\t\t\t\t\t\t\t\t\t<div class=\"cmplz_datarequest cmplz_datarequest_right_to_be_forgotten\">\n\t\t\t\t\t\t\t<label for=\"cmplz_datarequest_right_to_be_forgotten\">\n\t\t\t\t\t\t\t\t<input type=\"checkbox\" value=\"1\" name=\"cmplz_datarequest_right_to_be_forgotten\" id=\"cmplz_datarequest_right_to_be_forgotten\"\/>\n\t\t\t\t\t\t\t\tSubmit a request for deletion of the data if it is no longer relevant.\t\t\t\t\t\t\t<\/label>\n\t\t\t\t\t\t<\/div>\n\t\t\t\t\t\t\t\t\t\t<div class=\"cmplz_datarequest cmplz_datarequest_right_to_data_portability\">\n\t\t\t\t\t\t\t<label for=\"cmplz_datarequest_right_to_data_portability\">\n\t\t\t\t\t\t\t\t<input type=\"checkbox\" value=\"1\" name=\"cmplz_datarequest_right_to_data_portability\" id=\"cmplz_datarequest_right_to_data_portability\"\/>\n\t\t\t\t\t\t\t\tSubmit a request to receive an export file of the data we process about you.\t\t\t\t\t\t\t<\/label>\n\t\t\t\t\t\t<\/div>\n\t\t\t\t\t\t\t\t<input type=\"button\" id=\"cmplz-datarequest-submit\"  value=\"Send\">\n\t\t\t<\/form>\n\n\t\t\t<style>\n\t\t\t\t\/* first-name is honeypot *\/\n\t\t\t\t.cmplz-first-name {\n\t\t\t\t\tposition: absolute !important;\n\t\t\t\t\tleft: -5000px !important;\n\t\t\t\t}\n\t\t\t<\/style>\n\t\t\t<\/p><h2>Annex<\/h2><p><h2>WPML<\/h2><p>WPML verwendet Cookies, um die aktuelle Sprache des Besuchers, die zuletzt besuchte Sprache und die Sprache der angemeldeten Benutzer zu identifizieren.<\/p><p>W\u00e4hrend Sie das Plugin verwenden, teilt WPML Daten \u00fcber die Website durch den Installer mit. Es werden keine Daten vom Benutzer selbst geteilt.<\/p><h2>WPML Translation Management<\/h2><p>WPML Translation Management wird die E-Mail-Adresse und den Namen jedes Managers sowie des zugeordneten \u00dcbersetzers und den Inhalt selbst an den erweiterten Translation Editor und die eingesetzten \u00dcbersetzungsdienste senden.<\/p><h2>WPML String Translation<\/h2><p>WPML String Translation wird alle Strings an WPMLs erweiterten Translation Editor und an die eingesetzten \u00dcbersetzungsdienste senden.<\/p><h2>Really Simple Security<\/h2><p>Really Simple Security und Really Simple Security Add-ons verarbeiten keine personenbezogenen Daten, so dass die DSGVO nicht f\u00fcr diese Plugins oder die Verwendung dieser Plugins auf deiner Website gilt. Unsere Datenschutzbestimmungen findest du <a href=\"https:\/\/really-simple-ssl.com\/privacy-statement\/\">hier<\/a>.<\/p><h2>Complianz | The Privacy Suite for WordPress<\/h2><p>Diese Website verwendet die Privacy Suite f\u00fcr WordPress von Complianz, um Datens\u00e4tze \u00fcber Zustimmungen zu sammeln.&nbsp;F\u00fcr diese Funktionalit\u00e4t wird deine IP-Adresse anonymisiert und in unserer Datenbank gespeichert.&nbsp;Weitere Informationen findest du in der Complianz <a href=\"https:\/\/complianz.io\/privacy-statement\/\">Datenschutzerkl\u00e4rung<\/a>.<\/p><\/p><\/div>","protected":false},"excerpt":{"rendered":"","protected":false},"author":1,"featured_media":0,"parent":0,"menu_order":0,"comment_status":"closed","ping_status":"closed","template":"","meta":{"iawp_total_views":0,"footnotes":""},"class_list":["post-228","page","type-page","status-publish","hentry"],"_links":{"self":[{"href":"https:\/\/kayhelena.work\/en\/wp-json\/wp\/v2\/pages\/228","targetHints":{"allow":["GET"]}}],"collection":[{"href":"https:\/\/kayhelena.work\/en\/wp-json\/wp\/v2\/pages"}],"about":[{"href":"https:\/\/kayhelena.work\/en\/wp-json\/wp\/v2\/types\/page"}],"author":[{"embeddable":true,"href":"https:\/\/kayhelena.work\/en\/wp-json\/wp\/v2\/users\/1"}],"replies":[{"embeddable":true,"href":"https:\/\/kayhelena.work\/en\/wp-json\/wp\/v2\/comments?post=228"}],"version-history":[{"count":1,"href":"https:\/\/kayhelena.work\/en\/wp-json\/wp\/v2\/pages\/228\/revisions"}],"predecessor-version":[{"id":229,"href":"https:\/\/kayhelena.work\/en\/wp-json\/wp\/v2\/pages\/228\/revisions\/229"}],"wp:attachment":[{"href":"https:\/\/kayhelena.work\/en\/wp-json\/wp\/v2\/media?parent=228"}],"curies":[{"name":"wp","href":"https:\/\/api.w.org\/{rel}","templated":true}]}}