{"id":199,"date":"2025-12-19T22:23:38","date_gmt":"2025-12-19T21:23:38","guid":{"rendered":"https:\/\/kayhelena.work\/aviso-legal-ue-2\/"},"modified":"2026-01-12T21:15:28","modified_gmt":"2026-01-12T20:15:28","slug":"aviso-legal-ue-2","status":"publish","type":"page","link":"https:\/\/kayhelena.work\/es\/aviso-legal-ue-2\/","title":{"rendered":"Aviso legal (UE)"},"content":{"rendered":"\n<!-- Legal document generated by Complianz | GDPR\/CCPA Cookie Consent https:\/\/wordpress.org\/plugins\/complianz-gdpr -->\n<div id=\"cmplz-document\" class=\"cmplz-document impressum cmplz-document-all\"><p><i>Esta informaci\u00f3n legal se actualiz\u00f3 por \u00faltima vez el 21 de febrero de 2026.<\/i><\/p><p class=\"cmplz-subtitle\">El propietario de este sitio web es:<\/p><p>Kay Helena Wahdan <br>Recklinghauser Stra\u00dfe 115b<br \/>\n44581 Castrop-Rauxel<br>Alemania<br>Correo electr\u00f3nico:&nbsp;<span class=\"cmplz-obfuscate\">&#099;&#111;&#110;&#116;&#097;c&#116;@<span class=\"cmplz-fmail-domain\">ex&#046;&#099;om<\/span>&#107;&#097;&#121;hele&#110;a.work<\/span><br>N\u00famero de tel\u00e9fono: +491636324544<br><\/p><h2>1. General<\/h2><p>No estamos dispuestos ni obligados a participar en procedimientos de resoluci\u00f3n de disputas ante una junta de arbitraje de consumo.<\/p><h2>2. La siguiente informaci\u00f3n es obligatoria seg\u00fan la ley alemana.<\/h2><p class=\"cmplz-subtitle\">2.1 Wir stellen journalistische und redaktionell aufbereitete Inhalte zur Verf\u00fcgung.<\/p><p>Daher m\u00fcssen wir den Namen und den Wohnort der Person nennen, die f\u00fcr den Inhalt dieser Website verantwortlich ist:<br \/><br \/>Verantwortlich f\u00fcr den Inhalt nach \u00a7 18 Abs. 2 MStV ist: Kay Helena Wahdan aus Castrop-Rauxel.<\/p><\/div>","protected":false},"excerpt":{"rendered":"","protected":false},"author":1,"featured_media":0,"parent":0,"menu_order":0,"comment_status":"closed","ping_status":"closed","template":"","meta":{"iawp_total_views":0,"footnotes":""},"class_list":["post-199","page","type-page","status-publish","hentry"],"_links":{"self":[{"href":"https:\/\/kayhelena.work\/es\/wp-json\/wp\/v2\/pages\/199","targetHints":{"allow":["GET"]}}],"collection":[{"href":"https:\/\/kayhelena.work\/es\/wp-json\/wp\/v2\/pages"}],"about":[{"href":"https:\/\/kayhelena.work\/es\/wp-json\/wp\/v2\/types\/page"}],"author":[{"embeddable":true,"href":"https:\/\/kayhelena.work\/es\/wp-json\/wp\/v2\/users\/1"}],"replies":[{"embeddable":true,"href":"https:\/\/kayhelena.work\/es\/wp-json\/wp\/v2\/comments?post=199"}],"version-history":[{"count":1,"href":"https:\/\/kayhelena.work\/es\/wp-json\/wp\/v2\/pages\/199\/revisions"}],"predecessor-version":[{"id":200,"href":"https:\/\/kayhelena.work\/es\/wp-json\/wp\/v2\/pages\/199\/revisions\/200"}],"wp:attachment":[{"href":"https:\/\/kayhelena.work\/es\/wp-json\/wp\/v2\/media?parent=199"}],"curies":[{"name":"wp","href":"https:\/\/api.w.org\/{rel}","templated":true}]}}