{"id":209,"date":"2025-12-31T23:15:04","date_gmt":"2025-12-31T22:15:04","guid":{"rendered":"https:\/\/kayhelena.work\/decencia\/"},"modified":"2026-01-13T08:26:11","modified_gmt":"2026-01-13T07:26:11","slug":"decencia","status":"publish","type":"page","link":"https:\/\/kayhelena.work\/es\/decencia\/","title":{"rendered":"Decencia"},"content":{"rendered":"\n<p>En mi opini\u00f3n, ya no podemos permitirnos ser apol\u00edticos. Lo importante aqu\u00ed es sobre todo el \u00abc\u00f3mo\u00bb.<\/p>\n\n<p>Soy una persona pol\u00edtica. Creo en la inviolabilidad de la dignidad humana, en la libertad y en la igualdad. Creo en la democracia.<\/p>\n\n<p>En mi opini\u00f3n, uno de los fundamentos m\u00e1s importantes de la convivencia humana se encuentra tambi\u00e9n en estas formulaciones del imperativo categ\u00f3rico (Kant):<\/p>\n\n<blockquote class=\"wp-block-quote is-layout-flow wp-block-quote-is-layout-flow\">\n<p>\u00abObra solo seg\u00fan aquella m\u00e1xima por la cual puedas querer que al mismo tiempo se convierta en ley universal\u00bb.<\/p>\n<\/blockquote>\n\n<blockquote class=\"wp-block-quote is-layout-flow wp-block-quote-is-layout-flow\">\n<p>\u00abObra de tal modo que uses la humanidad, tanto en tu propia persona como en la persona de cualquier otro, siempre al mismo tiempo como un fin, nunca simplemente como un medio\u00bb.<\/p>\n<\/blockquote>\n\n<blockquote class=\"wp-block-quote is-layout-flow wp-block-quote-is-layout-flow\">\n<p>\u00abObra como si por medio de tus m\u00e1ximas fueras siempre un miembro legislador en el reino universal de los fines\u00bb.<\/p>\n<\/blockquote>\n\n<p>Personalmente, adem\u00e1s de los principios de Kant referidos a las personas, tambi\u00e9n los aplico a la naturaleza que nos rodea y nos sustenta. Una necesidad.<\/p>\n\n<p>Me siento obligada a la verdad y a la honestidad. Son una base sobre la que es posible un consenso entre dos personas.<\/p>\n\n<p>Y soy consciente de que yo mismo, con todas estas finas ideas idealistas, fallo con bastante regularidad en mis propios principios. Solo para, tras este reconocimiento, creer en ellos con m\u00e1s firmeza y trabajar en m\u00ed misma.<\/p>\n\n<p>Por lo tanto, para m\u00ed es imprescindible que sea sobre todo una cuesti\u00f3n de decencia (y no de postura pol\u00edtica), una cuesti\u00f3n de humanidad, no dar cabida a los nazis, al extremismo de derechas (y s\u00ed: a cualquier forma de extremismo, incluido el extremismo de izquierdas), al fascismo, al odio en cualquiera de sus formas.<\/p>\n\n<p>Si no defendemos, mantenemos y configuramos nosotros mismos la libertad y la igualdad, nuestra Constituci\u00f3n, nadie lo har\u00e1.<\/p>\n\n<p>Esto no impide en absoluto que TODOS sean libres en su formaci\u00f3n y expresi\u00f3n de opiniones, siempre y cuando se atengan a la verdad y hagan un uso responsable de su propia libertad:<\/p>\n\n<blockquote class=\"wp-block-quote is-layout-flow wp-block-quote-is-layout-flow\">\n<p>(1) Toda persona tiene derecho a expresar y difundir libremente su opini\u00f3n de palabra, por escrito y con im\u00e1genes, y a informarse sin trabas de fuentes de acceso general. Se garantiza la libertad de prensa y la libertad de informaci\u00f3n por medio de la radio y el cine. No se ejerce la censura.<\/p>\n\n\n\n<p>(2) Estos derechos encuentran sus l\u00edmites en las disposiciones de las leyes generales, en las disposiciones legales para la protecci\u00f3n de la juventud y en el derecho al honor personal.<\/p>\n\n\n\n<p>(3) El arte y la ciencia, la investigaci\u00f3n y la ense\u00f1anza son libres. La libertad de ense\u00f1anza no exime de la lealtad a la Constituci\u00f3n.<\/p>\n<cite>Art\u00edculo 5 de la Ley Fundamental<\/cite><\/blockquote>\n\n<p>Apelo a TI para que tambi\u00e9n te opongas firmemente al odio, a tu manera, con imaginaci\u00f3n y con tus posibilidades, en paz y con decencia.<\/p>\n","protected":false},"excerpt":{"rendered":"<p>En mi opini\u00f3n, ya no podemos permitirnos ser apol\u00edticos. Lo importante aqu\u00ed es sobre todo el \u00abc\u00f3mo\u00bb. Soy una persona pol\u00edtica. Creo en la inviolabilidad de la dignidad humana, en la libertad y en la igualdad. Creo en la democracia. En mi opini\u00f3n, uno de los fundamentos m\u00e1s importantes de la convivencia humana se encuentra [&hellip;]<\/p>\n","protected":false},"author":1,"featured_media":0,"parent":0,"menu_order":2,"comment_status":"closed","ping_status":"closed","template":"","meta":{"iawp_total_views":0,"footnotes":""},"class_list":["post-209","page","type-page","status-publish","hentry"],"_links":{"self":[{"href":"https:\/\/kayhelena.work\/es\/wp-json\/wp\/v2\/pages\/209","targetHints":{"allow":["GET"]}}],"collection":[{"href":"https:\/\/kayhelena.work\/es\/wp-json\/wp\/v2\/pages"}],"about":[{"href":"https:\/\/kayhelena.work\/es\/wp-json\/wp\/v2\/types\/page"}],"author":[{"embeddable":true,"href":"https:\/\/kayhelena.work\/es\/wp-json\/wp\/v2\/users\/1"}],"replies":[{"embeddable":true,"href":"https:\/\/kayhelena.work\/es\/wp-json\/wp\/v2\/comments?post=209"}],"version-history":[{"count":3,"href":"https:\/\/kayhelena.work\/es\/wp-json\/wp\/v2\/pages\/209\/revisions"}],"predecessor-version":[{"id":301,"href":"https:\/\/kayhelena.work\/es\/wp-json\/wp\/v2\/pages\/209\/revisions\/301"}],"wp:attachment":[{"href":"https:\/\/kayhelena.work\/es\/wp-json\/wp\/v2\/media?parent=209"}],"curies":[{"name":"wp","href":"https:\/\/api.w.org\/{rel}","templated":true}]}}