{"id":265,"date":"2025-12-31T22:20:31","date_gmt":"2025-12-31T21:20:31","guid":{"rendered":"https:\/\/kayhelena.work\/mi-compromiso-con-la-accesibilidad-web\/"},"modified":"2026-01-12T21:15:50","modified_gmt":"2026-01-12T20:15:50","slug":"mi-compromiso-con-la-accesibilidad-web","status":"publish","type":"page","link":"https:\/\/kayhelena.work\/es\/mi-compromiso-con-la-accesibilidad-web\/","title":{"rendered":"Mi compromiso con la accesibilidad web"},"content":{"rendered":"<p>Me comprometo a proporcionar un sitio web totalmente accesible para todos los usuarios, incluidos aquellos que dependen de tecnolog\u00edas de asistencia como lectores de pantalla, software de ampliaci\u00f3n de pantalla y dispositivos alternativos de entrada de teclado para navegar por Internet.<\/p>\n<h2>Esfuerzos continuos para garantizar la accesibilidad<\/h2>\n<p>Me gu\u00edo por las <a href=\"https:\/\/www.w3.org\/TR\/WCAG21\/\">Web Content Accessibility Guidelines (WCAG) versi\u00f3n 2.1<\/a> para determinar la accesibilidad. Se trata de est\u00e1ndares acordados internacionalmente que incluyen una amplia gama de recomendaciones y buenas pr\u00e1cticas para hacer que el contenido sea m\u00e1s utilizable. A medida que a\u00f1ado nuevas p\u00e1ginas y funciones a este sitio web, todos los dise\u00f1os, c\u00f3digos y procedimientos de entrada de contenido se revisan con respecto a estos est\u00e1ndares.<\/p>\n<p>La accesibilidad de un sitio web es un proceso continuo. Pruebo continuamente el contenido y las funciones para garantizar el cumplimiento de las WCAG 2.1 de nivel AA y soluciono cualquier problema para asegurar que cumplimos o superamos los est\u00e1ndares. La revisi\u00f3n del sitio web se realiza con herramientas est\u00e1ndar del sector, como el <a href=\"https:\/\/a11ychecker.com\/?utm_source=accessibility-checker&amp;utm_medium=software&amp;utm_campaign=wordpress-general\">plugin Accessibility Checker de WordPress<\/a>, as\u00ed como con herramientas de an\u00e1lisis de contraste de color, t\u00e9cnicas de navegaci\u00f3n solo con el teclado y pruebas de legibilidad de Flesch-Kincaid.<\/p>\n<h2>Funciones de accesibilidad en nuestro sitio web<\/h2>\n<p>A continuaci\u00f3n, se muestra una lista de los puntos que he incluido en este sitio web para mejorar la accesibilidad:<\/p>\n<ul>\n<li>Ajuste del tama\u00f1o de la fuente<\/li>\n<li>Fuente para dislexia<\/li>\n<li>Resaltar t\u00edtulos y enlaces<\/li>\n<li>Cambiar el espaciado entre letras y l\u00edneas<\/li>\n<li>Cambio de color y contraste<\/li>\n<li>Texto alternativo para las im\u00e1genes<\/li>\n<li>Etiquetas ARIA<\/li>\n<\/ul>\n<h2>D\u00f3nde estamos mejorando<\/h2>\n<p>En mis esfuerzos por mantener este sitio web al d\u00eda, me estoy centrando en las siguientes \u00e1reas:<\/p>\n<ul>\n<li>Compatibilidad con lectores de pantalla<\/li>\n<li>Ayudas para el daltonismo<\/li>\n<li>Contraste de color de \u00e1reas y fuentes<\/li>\n<\/ul>\n<p>Esto forma parte de mis esfuerzos para que la experiencia en mi p\u00e1gina web sea lo m\u00e1s agradable posible. Ten en cuenta que, aunque me esfuerzo por proporcionar informaci\u00f3n accesible a todos los usuarios, no puedo garantizar la accesibilidad de los sitios web de terceros a los que enlazo.<\/p>\n<h2>Contacto para soporte de accesibilidad<\/h2>\n<p>Agradecemos los comentarios, preguntas y opiniones sobre nuestro sitio web. Si utilizas tecnolog\u00edas de asistencia y tienes dificultades para utilizar nuestro sitio web, env\u00edame un correo electr\u00f3nico a <a href=\"mailto:%20accessibility@kayhelena.work\">accessibility@kayhelena.work<\/a>. Har\u00e9 todo lo posible para ayudarte y resolver los problemas.<\/p>\n\n<p><\/p>\n","protected":false},"excerpt":{"rendered":"<p>Me comprometo a proporcionar un sitio web totalmente accesible para todos los usuarios, incluidos aquellos que dependen de tecnolog\u00edas de asistencia como lectores de pantalla, software de ampliaci\u00f3n de pantalla y dispositivos alternativos de entrada de teclado para navegar por Internet. Esfuerzos continuos para garantizar la accesibilidad Me gu\u00edo por las Web Content Accessibility Guidelines [&hellip;]<\/p>\n","protected":false},"author":1,"featured_media":0,"parent":0,"menu_order":0,"comment_status":"closed","ping_status":"closed","template":"","meta":{"iawp_total_views":0,"footnotes":""},"class_list":["post-265","page","type-page","status-publish","hentry"],"_links":{"self":[{"href":"https:\/\/kayhelena.work\/es\/wp-json\/wp\/v2\/pages\/265","targetHints":{"allow":["GET"]}}],"collection":[{"href":"https:\/\/kayhelena.work\/es\/wp-json\/wp\/v2\/pages"}],"about":[{"href":"https:\/\/kayhelena.work\/es\/wp-json\/wp\/v2\/types\/page"}],"author":[{"embeddable":true,"href":"https:\/\/kayhelena.work\/es\/wp-json\/wp\/v2\/users\/1"}],"replies":[{"embeddable":true,"href":"https:\/\/kayhelena.work\/es\/wp-json\/wp\/v2\/comments?post=265"}],"version-history":[{"count":1,"href":"https:\/\/kayhelena.work\/es\/wp-json\/wp\/v2\/pages\/265\/revisions"}],"predecessor-version":[{"id":268,"href":"https:\/\/kayhelena.work\/es\/wp-json\/wp\/v2\/pages\/265\/revisions\/268"}],"wp:attachment":[{"href":"https:\/\/kayhelena.work\/es\/wp-json\/wp\/v2\/media?parent=265"}],"curies":[{"name":"wp","href":"https:\/\/api.w.org\/{rel}","templated":true}]}}