{"id":275,"date":"2025-12-19T22:23:38","date_gmt":"2025-12-19T21:23:38","guid":{"rendered":"https:\/\/kayhelena.work\/politica-de-privacidad-reino-unido\/"},"modified":"2026-01-12T21:15:50","modified_gmt":"2026-01-12T20:15:50","slug":"politica-de-privacidad-reino-unido","status":"publish","type":"page","link":"https:\/\/kayhelena.work\/es\/politica-de-privacidad-reino-unido\/","title":{"rendered":"Pol\u00edtica de privacidad (Reino Unido)"},"content":{"rendered":"\n<!-- Legal document generated by Complianz | GDPR\/CCPA Cookie Consent https:\/\/wordpress.org\/plugins\/complianz-gdpr -->\n<div id=\"cmplz-document\" class=\"cmplz-document privacy-statement cmplz-document-uk\"><p><i>This privacy statement was last updated on 21 de febrero de 2026 and applies to citizens and legal permanent residents of the United Kingdom.<\/i><br><br><\/p><p>In this privacy statement, we explain what we do with the data we obtain about you via <a href=\"https:\/\/kayhelena.work\/es\/\">https:\/\/kayhelena.work\/es\/<\/a>. We recommend you carefully read this statement. In our processing we comply with the requirements of privacy legislation. That means, among other things, that:<\/p><ul>\n                <li>we clearly state the purposes for which we process personal data. We do this by means of this privacy statement;<\/li>\n                <li>we aim to limit our collection of personal data to only the personal data required for legitimate purposes;<\/li>\n                <li>we first request your explicit consent to process your personal data in cases requiring your consent;<\/li>\n                <li>we take appropriate security measures to protect your personal data and also require this from parties that process personal data on our behalf;<\/li>\n                <li>we respect your right to access your personal data or have it corrected or deleted, at your request.<\/li>\n            <\/ul><p>If you have any questions, or want to know exactly what data we keep of you, please contact us.<\/p><h2>1. Prop\u00f3sito, datos y periodo de retenci\u00f3n<\/h2>Podemos recopilar o recibir informaci\u00f3n personal para un n\u00famero de prop\u00f3sitos relacionados con nuestras operaciones comerciales, que pueden incluir lo siguiente: (haga clic para expandir) <details class=\"cmplz-dropdown dropdown-privacy-statement\"><summary><div><h3>1.1 Contacto &#8211; Por tel\u00e9fono, correo, correo electr\u00f3nico y\/o formularios en el sitio<\/h3><\/div><\/summary><p class=\"cmplz-subtitle\">Para ello utilizamos los siguientes datos:<\/p><p><ul><li>Un nombre y apellido<\/li><li>Una direcci\u00f3n de correo electr\u00f3nico<\/li><\/ul><\/p><p class=\"cmplz-subtitle\">La base sobre la que podemos procesar estos datos es:<\/p><p class=\"cmplz-subtitle\">Per\u00edodo de retenci\u00f3n<\/p><p>Conservamos estos datos tras la finalizaci\u00f3n del servicio durante el siguiente n\u00famero de meses: 3<\/p><\/details><details class=\"cmplz-dropdown dropdown-privacy-statement\"><summary><div><h3>1.2 Recopilaci\u00f3n y an\u00e1lisis de estad\u00edsticas para la mejora de la web.<\/h3><\/div><\/summary><p class=\"cmplz-subtitle\">Para ello utilizamos los siguientes datos:<\/p><p><ul><li>Direcci\u00f3n IP<\/li><li>Datos de geolocalizaci\u00f3n<\/li><\/ul><\/p><p class=\"cmplz-subtitle\">La base sobre la que podemos procesar estos datos es:<\/p><p class=\"cmplz-subtitle\">Per\u00edodo de retenci\u00f3n<\/p><p>Conservamos estos datos tras la finalizaci\u00f3n del servicio durante el siguiente n\u00famero de meses: 3<\/p><\/details><details class=\"cmplz-dropdown dropdown-privacy-statement\"><summary><div><h3>1.3 Registrando una cuenta<\/h3><\/div><\/summary><p class=\"cmplz-subtitle\">Para ello utilizamos los siguientes datos:<\/p><p><ul><li>Un nombre y apellido<\/li><li>Nombre de cuenta o alias<\/li><li>Una direcci\u00f3n de correo electr\u00f3nico<\/li><li>Direcci\u00f3n IP<\/li><\/ul><\/p><p class=\"cmplz-subtitle\">La base sobre la que podemos procesar estos datos es:<\/p><p class=\"cmplz-subtitle\">Per\u00edodo de retenci\u00f3n<\/p><p>Conservamos estos datos tras la finalizaci\u00f3n del servicio durante el siguiente n\u00famero de meses: 3<\/p><\/details><h2>2. Cookies<\/h2><p>Our website uses cookies. For more information about cookies, please refer to our <a href=\"https:\/\/kayhelena.work\/es\/politica-de-cookies-reino-unido\/\">Cookie Policy<\/a>.&nbsp;<\/p><h2>3. Disclosure practices<\/h2><p><p>We disclose personal information if we are required by law or by a court order, in response to a law enforcement agency, to the extent permitted under other provisions of law, to provide information, or for an investigation on a matter related to public safety.<\/p><p>If our website or organisation is taken over, sold, or involved in a merger or acquisition, your details may be disclosed to our advisers and any prospective purchasers and will be passed on to the new owners.<\/p><\/p><h2>4. Security<\/h2><p>We are committed to the security of personal data. We take appropriate security measures to limit abuse of and unauthorised access to personal data. This ensures that only the necessary persons have access to your data, that access to the data is protected, and that our security measures are regularly reviewed.<\/p><p>The security measures we use consist of:<\/p><p><ul><li>Seguridad de inicio de sesi\u00f3n<\/li><li>Encriptaci\u00f3n (START)TLS \/ SSL \/ DANE<\/li><li>HTTP Strict Transport Security, Cabeceras de Seguridad y Pol\u00edticas de Navegador relacionadas<\/li><\/ul><\/p><h2>5. Third-party websites<\/h2><p>This privacy statement does not apply to third-party websites connected by links on our website. We cannot guarantee that these third parties handle your personal data in a reliable or secure manner. We recommend you read the privacy statements of these websites prior to making use of these websites.<\/p><h2>6. Amendments to this privacy statement<\/h2><p>We reserve the right to make amendments to this privacy statement. It is recommended that you consult this privacy statement regularly in order to be aware of any changes. In addition, we will actively inform you wherever possible.<\/p><h2>7. Accessing and modifying your data<\/h2><p>If you have any questions or want to know which personal data we have about you, please contact us. You can contact us by using the information below. You have the following rights:<\/p><ul>\n                <li>You have the right to know why your personal data is needed, what will happen to it, and how long it will be retained for.<\/li>\n                <li>Right of access: You have the right to access your personal data that is known to us.<\/li>\n                <li>Right to rectification: you have the right to supplement, correct, have deleted or blocked your personal data whenever you wish.<\/li>\n                <li>If you give us your consent to process your data, you have the right to revoke that consent and to have your personal data deleted.<\/li>\n                <li>Right to transfer your data: you have the right to request all your personal data from the controller and transfer it in its entirety to another controller.<\/li>\n                <li>Right to object: you may object to the processing of your data. We comply with this, unless there are justified grounds for processing.<\/li>\n            <\/ul><p>Please make sure to always clearly state who you are, so that we can be certain that we do not modify or delete any data of the wrong person.<\/p><h2>8. Submitting a complaint<\/h2><p>If you are not satisfied with the way in which we handle (a complaint about) the processing of your personal data, you have the right to submit a complaint to the Information Commissioner&#8217;s Office:<\/p><p><br>Wycliffe House<br>\n                        Water Lane<br>\n                        Wilmslow<br>\n                        Cheshire<br>\n                        SK9 5AF<\/p><p><br>Jersey Office of The Information Commissioner<br>\n                        2nd Floor 5 Castle Street<br>\n                        St. Helier<br>\n                        Jersey<br>\n                        JE2 3BT<\/p><p><br>St Martin\u2019s House<br>\n                        Le Bordage<br>\n                        St. Peter Port<br>\n                        Guernsey<br>\n                        GY1 1BR<\/p><h2>9. Children<\/h2><p>Our website is not designed to attract children and it is not our intent to collect personal data from children under the age of consent in their country of residence. We therefore request that children under the age of consent do not submit any personal data to us.<\/p><h2>10. Contact details<\/h2><p>Kay Helena Wahdan<br>\n        Recklinghauser Stra\u00dfe 115b<br \/>\n44581 Castrop-Rauxel<br>\n        Alemania<br>\n        Website: <a href=\"https:\/\/kayhelena.work\/es\/\">https:\/\/kayhelena.work\/es\/<\/a> <br>\n        Email: <span class=\"cmplz-obfuscate\">&#099;&#111;&#109;&#112;&#108;&#105;an&#099;e@<span class=\"cmplz-fmail-domain\">&#101;&#120;.c&#111;&#109;<\/span>kay&#104;e&#108;ena&#046;&#119;&#111;rk<\/span> <br>\n        N\u00famero de tel\u00e9fono: +491636324544<\/p><h2>11. Data Requests<\/h2><p>For the most frequently submitted requests, we also offer you the possibility to use our data request form<br>\t\t\t<div class=\"cmplz-datarequest cmplz-alert\">\n\t\t\t\t<span class=\"cmplz-close\">&times;<\/span>\n\t\t\t\t<span id=\"cmplz-message\"><\/span>\n\t\t\t<\/div>\n\t\t\t<form id=\"cmplz-datarequest-form\">\n\t\t\t\t<input type=\"hidden\" required value=\"uk\" name=\"cmplz_datarequest_region\" id=\"cmplz_datarequest_region\" >\n\n\t\t\t\t<label for=\"cmplz_datarequest_firstname\" class=\"cmplz-first-name\">Nombre\t\t\t\t\t<input type=\"search\" class=\"datarequest-firstname\" value=\"\" placeholder=\"your first name\" id=\"cmplz_datarequest_firstname\" name=\"cmplz_datarequest_firstname\" >\n\t\t\t\t<\/label>\n\t\t\t\t<div>\n\t\t\t\t\t<label for=\"cmplz_datarequest_name\">Nombre<\/label>\n\t\t\t\t\t<input type=\"text\" required value=\"\" placeholder=\"Tu nombre\" id=\"cmplz_datarequest_name\" name=\"cmplz_datarequest_name\">\n\t\t\t\t<\/div>\n\t\t\t\t<div>\n\t\t\t\t\t<label for=\"cmplz_datarequest_email\">Correo electr\u00f3nico<\/label>\n\t\t\t\t\t<input type=\"email\" required value=\"\" placeholder=\"email@email.com\" id=\"cmplz_datarequest_email\" name=\"cmplz_datarequest_email\">\n\t\t\t\t<\/div>\n\t\t\t\t\t\t\t\t\t\t<div class=\"cmplz_datarequest cmplz_datarequest_request_for_access\">\n\t\t\t\t\t\t\t<label for=\"cmplz_datarequest_request_for_access\">\n\t\t\t\t\t\t\t\t<input type=\"checkbox\" value=\"1\" name=\"cmplz_datarequest_request_for_access\" id=\"cmplz_datarequest_request_for_access\"\/>\n\t\t\t\t\t\t\t\tPresentar una solicitud de acceso a los datos que tratamos sobre usted.\t\t\t\t\t\t\t<\/label>\n\t\t\t\t\t\t<\/div>\n\t\t\t\t\t\t\t\t\t\t<div class=\"cmplz_datarequest cmplz_datarequest_right_to_be_forgotten\">\n\t\t\t\t\t\t\t<label for=\"cmplz_datarequest_right_to_be_forgotten\">\n\t\t\t\t\t\t\t\t<input type=\"checkbox\" value=\"1\" name=\"cmplz_datarequest_right_to_be_forgotten\" id=\"cmplz_datarequest_right_to_be_forgotten\"\/>\n\t\t\t\t\t\t\t\tPresentar una solicitud de supresi\u00f3n de los datos si ya no son pertinentes.\t\t\t\t\t\t\t<\/label>\n\t\t\t\t\t\t<\/div>\n\t\t\t\t\t\t\t\t\t\t<div class=\"cmplz_datarequest cmplz_datarequest_right_to_data_portability\">\n\t\t\t\t\t\t\t<label for=\"cmplz_datarequest_right_to_data_portability\">\n\t\t\t\t\t\t\t\t<input type=\"checkbox\" value=\"1\" name=\"cmplz_datarequest_right_to_data_portability\" id=\"cmplz_datarequest_right_to_data_portability\"\/>\n\t\t\t\t\t\t\t\tPresentar una solicitud para recibir un archivo de exportaci\u00f3n de los datos que tratamos sobre usted.\t\t\t\t\t\t\t<\/label>\n\t\t\t\t\t\t<\/div>\n\t\t\t\t\t\t\t\t<input type=\"button\" id=\"cmplz-datarequest-submit\"  value=\"Enviar\">\n\t\t\t<\/form>\n\n\t\t\t<style>\n\t\t\t\t\/* first-name is honeypot *\/\n\t\t\t\t.cmplz-first-name {\n\t\t\t\t\tposition: absolute !important;\n\t\t\t\t\tleft: -5000px !important;\n\t\t\t\t}\n\t\t\t<\/style>\n\t\t\t<\/p><h2>Annex<\/h2><p><h2>WPML<\/h2><p>WPML verwendet Cookies, um die aktuelle Sprache des Besuchers, die zuletzt besuchte Sprache und die Sprache der angemeldeten Benutzer zu identifizieren.<\/p><p>W\u00e4hrend Sie das Plugin verwenden, teilt WPML Daten \u00fcber die Website durch den Installer mit. Es werden keine Daten vom Benutzer selbst geteilt.<\/p><h2>WPML Translation Management<\/h2><p>WPML Translation Management wird die E-Mail-Adresse und den Namen jedes Managers sowie des zugeordneten \u00dcbersetzers und den Inhalt selbst an den erweiterten Translation Editor und die eingesetzten \u00dcbersetzungsdienste senden.<\/p><h2>WPML String Translation<\/h2><p>WPML String Translation wird alle Strings an WPMLs erweiterten Translation Editor und an die eingesetzten \u00dcbersetzungsdienste senden.<\/p><h2>Really Simple Security<\/h2><p>Really Simple Security und Really Simple Security Add-ons verarbeiten keine personenbezogenen Daten, so dass die DSGVO nicht f\u00fcr diese Plugins oder die Verwendung dieser Plugins auf deiner Website gilt. Unsere Datenschutzbestimmungen findest du <a href=\"https:\/\/really-simple-ssl.com\/privacy-statement\/\">hier<\/a>.<\/p><h2>Complianz | The Privacy Suite for WordPress<\/h2><p>Diese Website verwendet die Privacy Suite f\u00fcr WordPress von Complianz, um Datens\u00e4tze \u00fcber Zustimmungen zu sammeln.&nbsp;F\u00fcr diese Funktionalit\u00e4t wird deine IP-Adresse anonymisiert und in unserer Datenbank gespeichert.&nbsp;Weitere Informationen findest du in der Complianz <a href=\"https:\/\/complianz.io\/privacy-statement\/\">Datenschutzerkl\u00e4rung<\/a>.<\/p><\/p><\/div>","protected":false},"excerpt":{"rendered":"","protected":false},"author":1,"featured_media":0,"parent":0,"menu_order":0,"comment_status":"closed","ping_status":"closed","template":"","meta":{"iawp_total_views":0,"footnotes":""},"class_list":["post-275","page","type-page","status-publish","hentry"],"_links":{"self":[{"href":"https:\/\/kayhelena.work\/es\/wp-json\/wp\/v2\/pages\/275","targetHints":{"allow":["GET"]}}],"collection":[{"href":"https:\/\/kayhelena.work\/es\/wp-json\/wp\/v2\/pages"}],"about":[{"href":"https:\/\/kayhelena.work\/es\/wp-json\/wp\/v2\/types\/page"}],"author":[{"embeddable":true,"href":"https:\/\/kayhelena.work\/es\/wp-json\/wp\/v2\/users\/1"}],"replies":[{"embeddable":true,"href":"https:\/\/kayhelena.work\/es\/wp-json\/wp\/v2\/comments?post=275"}],"version-history":[{"count":1,"href":"https:\/\/kayhelena.work\/es\/wp-json\/wp\/v2\/pages\/275\/revisions"}],"predecessor-version":[{"id":276,"href":"https:\/\/kayhelena.work\/es\/wp-json\/wp\/v2\/pages\/275\/revisions\/276"}],"wp:attachment":[{"href":"https:\/\/kayhelena.work\/es\/wp-json\/wp\/v2\/media?parent=275"}],"curies":[{"name":"wp","href":"https:\/\/api.w.org\/{rel}","templated":true}]}}