{"id":771,"date":"2026-02-07T12:04:41","date_gmt":"2026-02-07T11:04:41","guid":{"rendered":"https:\/\/kayhelena.work\/ceramica\/preparar-los-ingredientes-del-glaseado\/"},"modified":"2026-03-20T11:29:05","modified_gmt":"2026-03-20T10:29:05","slug":"preparar-los-ingredientes-del-glaseado","status":"publish","type":"page","link":"https:\/\/kayhelena.work\/es\/ceramica\/preparar-los-ingredientes-del-glaseado\/","title":{"rendered":"Preparar los ingredientes del glaseado"},"content":{"rendered":"\n<h2 class=\"wp-block-heading\">Nota previa<\/h2>\n\n<p>Esta p\u00e1gina la ir\u00e9 desarrollando poco a poco. Para todo lo dem\u00e1s no me da el tiempo.<br\/>As\u00ed que, mientras esta nota previa siga aqu\u00ed, la p\u00e1gina todav\u00eda no est\u00e1 terminada. <\/p>\n\n<h2 class=\"wp-block-heading\">\u00bfQu\u00e9 son los ingredientes de los esmaltes?<\/h2>\n\n<p>Los esmaltes son, como su nombre indica, fundiciones solidificadas en vidrio. Un vidrio es un s\u00f3lido amorfo<sup><a href=\"#footnote_1_771\" id=\"identifier_1_771\" class=\"footnote-link footnote-identifier-link\" title=\"una fundici&oacute;n subenfriada que no posee una estructura cristalina ordenada\">1<\/a><\/sup>.<br\/>Para conseguirlo \u2014y, a ser posible, a temperaturas que podamos producir y controlar\u2014 se necesitan diferentes tipos de ingredientes.<br\/>Adem\u00e1s, el esmalte suele tener propiedades decorativas, para lo cual se suelen necesitar m\u00e1s ingredientes. <\/p>\n\n<p>Una posible clasificaci\u00f3n es:<\/p>\n\n<ol class=\"wp-block-list\">\n<li>Formadores de vidrio<br\/>Esta es la \u201cmatriz\u201d, el material en el que se integra todo lo dem\u00e1s y que, mediante un enfriamiento relativamente r\u00e1pido, se solidifica de forma amorfa.<br\/>Con mucha diferencia, lo m\u00e1s habitual es el SiO<sub>2<\/sub>.<\/li>\n\n\n\n<li>Modificadores del vidrio<br\/>En ingl\u00e9s tambi\u00e9n se denomina \u201cRefractory\u201d<sup><a href=\"#footnote_2_771\" id=\"identifier_2_771\" class=\"footnote-link footnote-identifier-link\" title=\"refractario\">2<\/a><\/sup>, porque por s\u00ed solo tiene temperaturas de fusi\u00f3n enormemente altas.<br\/>El compuesto habitual es Al<sub>2<\/sub>O<sub>3<\/sub>.<\/li>\n\n\n\n<li>Fundentes<br\/>El o los fundentes, en combinaci\u00f3n con los dem\u00e1s ingredientes, proporcionan un rango de temperaturas de fusi\u00f3n que entra dentro de lo que podemos controlar t\u00e9cnicamente. Sin ellos, solo podr\u00edamos sinterizar los ingredientes entre s\u00ed y apenas ser\u00eda posible una uni\u00f3n con el bizcocho.<br\/>Se trata sobre todo de \u00f3xidos de metales alcalinos y \u00f3xidos de metales alcalinot\u00e9rreos. <\/li>\n\n\n\n<li>\u00d3xidos colorantes \/ formadores de efectos<br\/>Podemos a\u00f1adir a la fundici\u00f3n otros \u00f3xidos que, en una atm\u00f3sfera rica en ox\u00edgeno y en una atm\u00f3sfera pobre en ox\u00edgeno, son responsables \u2014en una interacci\u00f3n compleja\u2014 de colores, patrones, cristales, opacidad, formaci\u00f3n de burbujas, etc.<\/li>\n<\/ol>\n\n<h2 class=\"wp-block-heading\">Clasificaci\u00f3n<\/h2>\n\n<p>Todos nuestros ingredientes son \u00f3xidos y se pueden clasificar seg\u00fan su estructura.<\/p>\n\n<ol class=\"wp-block-list\">\n<li>RO<sub>2<\/sub>: Formadores de vidrio<\/li>\n\n\n\n<li>R<sub>2<\/sub>O<sub>3<\/sub>: Modificadores de vidrio<\/li>\n\n\n\n<li>R<sub>2<\/sub>O y RO: Fundentes<\/li>\n<\/ol>\n\n<p>En este caso, la \u00abR\u00bb representa un elemento, como por ejemplo aluminio, silicio, potasio, etc.<\/p>\n\n<p>Y, por supuesto, hay much\u00edsimas excepciones. Por ejemplo, el \u00f3xido de hierro, que como Fe<sub>2<\/sub>O<sub>3<\/sub> tiene la estructura de un modificador, se suele utilizar para obtener coloraciones marrones y amarillas, pero a partir de un 2-3% en el esmalte tambi\u00e9n act\u00faa como fundente. <\/p>\n\n<h2 class=\"wp-block-heading\">Fuentes de ingredientes para esmaltes<\/h2>\n\n<p>En primer lugar, puedes comprar todos los ingredientes.<br\/>Suele ser la forma m\u00e1s limpia y segura. Te lo recomiendo especialmente al principio, ya que no dispones de un an\u00e1lisis de materiales de los ingredientes \u00absilvestres\u00bb. <\/p>\n\n<p>Sin embargo, si quieres fabricar tus propios ingredientes para esmaltes, solo tienes que agacharte.<br\/>Pr\u00e1cticamente todo lo que se pueda pulverizar es apto, en mayor o menor medida.<\/p>\n\n<p>Lo que hay en la tierra suele estar ya presente en forma oxidada.<br\/>Todo lo dem\u00e1s probablemente tendr\u00e1s que quemarlo primero para obtener ceniza.<\/p>\n\n<p>Ten en cuenta, sin embargo, que los materiales resultantes suelen ser irritantes y, en forma de polvo, pueden llegar a los pulmones. Por favor, inf\u00f3rmate a fondo previamente sobre los riesgos y las medidas adecuadas. <\/p>\n\n<p>Adem\u00e1s, tendr\u00e1s que trabajar por lotes, porque un ingrediente nunca ser\u00e1 realmente igual a otro, aunque lo hayas obtenido de materiales del mismo lugar exacto. Pero eso es precisamente lo que le da su encanto, \u00bfno? <\/p>\n\n<h2 class=\"wp-block-heading\">Obtenci\u00f3n de ceniza<\/h2>\n\n<p>Si quemas, por ejemplo, heno, paja, hojas, madera, etc., una parte se volatiliza en forma de gas: el \u00abLOI\u00bb &#8211; \u00abLoss on Ignition\u00bb (p\u00e9rdida por ignici\u00f3n).<br\/>Lo que queda, la ceniza, es una mezcla de diferentes minerales y, por tanto, de \u00f3xidos.<\/p>\n\n<p>De hecho, estas cenizas pueden tener composiciones muy variadas.<br\/>La ceniza de cascarilla de arroz, por ejemplo, se compone casi en su totalidad (&gt;95%) de SiO<sub>2<\/sub> fin\u00edsimo y proporciona la estructura de un esmalte. La ceniza de madera de haya, una vez lavada, se compone principalmente de MgO y CaO y un poco de K<sub>2<\/sub>O, y sirve como fundente. <\/p>\n\n<p>Aqu\u00ed vale la pena investigar. La composici\u00f3n cambia seg\u00fan su lugar de origen, pero como regla general es mejor que adivinar y m\u00e1s barato que un laboratorio. <\/p>\n\n<h2 class=\"wp-block-heading\">Lavado<\/h2>\n\n<p>Lavar los ingredientes suena descabellado, pero tiene sentido.<br\/>Tomemos como ejemplo la ceniza. Tambi\u00e9n contendr\u00e1 sales. Lo mismo ocurre con los ingredientes del mar. Estos aportan efectos especiales, por supuesto, pero tambi\u00e9n son extremadamente agresivos, destruyen las resistencias de los hornos el\u00e9ctricos y son muy perjudiciales para la salud.    <\/p>\n\n<p>No dudes en lavar tus ingredientes.<br\/>Para tamizarlos tienes (\u00a1\u00a1debes!!) que mezclarlos en h\u00famedo de todos modos, as\u00ed que puedes aprovechar para enjuagarlos varias veces. De este modo, tambi\u00e9n puedes eliminar restos de carb\u00f3n y otras part\u00edculas en suspensi\u00f3n. Cuando el agua del lavado salga clara, la ceniza estar\u00e1 limpia.  <\/p>\n\n<h2 class=\"wp-block-heading\">Molienda y calcinaci\u00f3n<\/h2>\n\n<p>Si no tienes el lujo de poseer un molino de bolas, el mortero (de granito, \u00e1gata u otros materiales duros) es tu mejor amigo.<br\/>La molienda se hace siempre en h\u00famedo para que no se levante polvo.<\/p>\n\n<p>En el caso de las piedras, se recomienda calcinarlas previamente. Al calcinar, las materias primas se calientan a unos 900 \u00b0C. Esto cambia la estructura, se liberan componentes vol\u00e1tiles como el agua de cristalizaci\u00f3n o el CO<sub>2<\/sub>, y el material se vuelve quebradizo y se desmorona en gran medida por s\u00ed solo.<br\/>La molienda posterior es mucho m\u00e1s f\u00e1cil y los ingredientes obtenidos tienden a formar menos burbujas durante la cocci\u00f3n del esmalte, ya que las sustancias vol\u00e1tiles se liberaron previamente.  <\/p>\n<ol class=\"footnotes\"><li id=\"footnote_1_771\" class=\"footnote\">una fundici\u00f3n subenfriada que no posee una estructura cristalina ordenada<span class=\"footnote-back-link-wrapper\"> [<a href=\"#identifier_1_771\" class=\"footnote-link footnote-back-link\">&#8617;<\/a>]<\/span><\/li><li id=\"footnote_2_771\" class=\"footnote\">refractario<span class=\"footnote-back-link-wrapper\"> [<a href=\"#identifier_2_771\" class=\"footnote-link footnote-back-link\">&#8617;<\/a>]<\/span><\/li><\/ol>","protected":false},"excerpt":{"rendered":"<p>Nota previa Esta p\u00e1gina la ir\u00e9 desarrollando poco a poco. Para todo lo dem\u00e1s no me da el tiempo.As\u00ed que, mientras esta nota previa siga aqu\u00ed, la p\u00e1gina todav\u00eda no est\u00e1 terminada. \u00bfQu\u00e9 son los ingredientes de los esmaltes? Los esmaltes son, como su nombre indica, fundiciones solidificadas en vidrio. Un vidrio es un s\u00f3lido [&hellip;]<\/p>\n","protected":false},"author":1,"featured_media":870,"parent":250,"menu_order":0,"comment_status":"closed","ping_status":"closed","template":"","meta":{"iawp_total_views":0,"footnotes":""},"class_list":["post-771","page","type-page","status-publish","has-post-thumbnail","hentry"],"_links":{"self":[{"href":"https:\/\/kayhelena.work\/es\/wp-json\/wp\/v2\/pages\/771","targetHints":{"allow":["GET"]}}],"collection":[{"href":"https:\/\/kayhelena.work\/es\/wp-json\/wp\/v2\/pages"}],"about":[{"href":"https:\/\/kayhelena.work\/es\/wp-json\/wp\/v2\/types\/page"}],"author":[{"embeddable":true,"href":"https:\/\/kayhelena.work\/es\/wp-json\/wp\/v2\/users\/1"}],"replies":[{"embeddable":true,"href":"https:\/\/kayhelena.work\/es\/wp-json\/wp\/v2\/comments?post=771"}],"version-history":[{"count":4,"href":"https:\/\/kayhelena.work\/es\/wp-json\/wp\/v2\/pages\/771\/revisions"}],"predecessor-version":[{"id":2966,"href":"https:\/\/kayhelena.work\/es\/wp-json\/wp\/v2\/pages\/771\/revisions\/2966"}],"up":[{"embeddable":true,"href":"https:\/\/kayhelena.work\/es\/wp-json\/wp\/v2\/pages\/250"}],"wp:featuredmedia":[{"embeddable":true,"href":"https:\/\/kayhelena.work\/es\/wp-json\/wp\/v2\/media\/870"}],"wp:attachment":[{"href":"https:\/\/kayhelena.work\/es\/wp-json\/wp\/v2\/media?parent=771"}],"curies":[{"name":"wp","href":"https:\/\/api.w.org\/{rel}","templated":true}]}}