{"id":892,"date":"2026-02-08T15:35:39","date_gmt":"2026-02-08T14:35:39","guid":{"rendered":"https:\/\/kayhelena.work\/contacto\/"},"modified":"2026-02-08T17:16:36","modified_gmt":"2026-02-08T16:16:36","slug":"contacto","status":"publish","type":"page","link":"https:\/\/kayhelena.work\/es\/contacto\/","title":{"rendered":"Contacto"},"content":{"rendered":"\n<p>\u00bfPreguntas, quejas, sugerencias?<\/p>\n\n<p>\u00a1Me encantar\u00eda saber de ti!<\/p>\n\r\n<div class=\"wp-block-helenas-blocks-contact-form wp-block-helenas-blocks-contact-form\" data-recipient=\"contact@kayhelena.work\">\r\n\t\r\n\t<form class=\"helenas-blocks-contact-form__form\" method=\"post\" novalidate>\r\n\t\t\n<div class=\"wp-block-helenas-blocks-contact-form\">\n<div class=\"wp-block-helenas-blocks-form-input\"><div class=\"form-field\"><label for=\"input-name\">Nombre<span class=\"required-notice\"> (obligatorio)<\/span><\/label><input type=\"text\" id=\"input-name\" name=\"name\" placeholder=\"Su nombre\" required=\"\" aria-required=\"true\"><\/div><\/div>\n\n\n\n<div class=\"wp-block-helenas-blocks-form-input\"><div class=\"form-field\"><label for=\"input-email\">Correo electr\u00f3nico<span class=\"required-notice\"> (obligatorio)<\/span><\/label><input type=\"email\" id=\"input-email\" name=\"email\" placeholder=\"su@email.de\" required=\"\" aria-required=\"true\"><\/div><\/div>\n\n\n\n<div class=\"wp-block-helenas-blocks-form-input\"><div class=\"form-field\"><label for=\"input-subject\">Asunto<\/label><input type=\"text\" id=\"input-subject\" name=\"subject\" placeholder=\"\u00bfDe qu\u00e9 se trata?\" aria-required=\"false\"><\/div><\/div>\n\n\n\n<div class=\"wp-block-helenas-blocks-form-textarea\"><div class=\"form-field\"><label for=\"textarea-message\">Mensaje<span class=\"required-notice\"> (obligatorio)<\/span><\/label><textarea id=\"textarea-message\" name=\"message\" placeholder=\"Su mensaje...\" required=\"\" rows=\"6\" aria-required=\"true\"><\/textarea><\/div><\/div>\n\n\n\n<div class=\"wp-block-helenas-blocks-form-checkbox\"><div class=\"form-field form-checkbox-field\"><label class=\"checkbox-label\"><input type=\"checkbox\" id=\"checkbox-send_copy\" name=\"send_copy\" aria-required=\"false\"><span>Enviar una copia del mensaje a mi direcci\u00f3n de correo electr\u00f3nico<\/span><\/label><\/div><\/div>\n\n\n\n<div class=\"wp-block-helenas-blocks-form-checkbox\"><div class=\"form-field form-checkbox-field\"><label class=\"checkbox-label\"><input type=\"checkbox\" id=\"checkbox-gdpr\" name=\"gdpr\" required=\"\" aria-required=\"true\"><span>Acepto el tratamiento de mis datos seg\u00fan la pol\u00edtica de privacidad.<\/span><span class=\"required-notice\">  (obligatorio)<\/span><\/label><\/div><\/div>\n\n\n\r\n<div class=\"wp-block-helenas-blocks-form-submit wp-block-helenas-blocks-form-submit\">\r\n\t<button\r\n\t\ttype=\"submit\"\r\n\t\tclass=\"form-submit-button\"\r\n\t\tdata-recipient=\"contact@kayhelena.work\"\r\n\t\tdata-original-text=\"Absenden\"\r\n\t>\r\n\t\tAbsenden\t<\/button>\r\n\t<div\r\n\t\tclass=\"contact-form-message\"\r\n\t\tstyle=\"display: none;\"\r\n\t\trole=\"status\"\r\n\t\taria-live=\"polite\"\r\n\t><\/div>\r\n<\/div>\r\n<\/div>\n\t<\/form>\r\n<\/div>\r\n\n<p>Por favor, ten en cuenta que puedo tardar algunos d\u00edas en responderte. Y, por favor, indica tambi\u00e9n una direcci\u00f3n a la que pueda responderte. Muchas gracias \ud83d\ude0a  <\/p>\n","protected":false},"excerpt":{"rendered":"<p>\u00bfPreguntas, quejas, sugerencias? \u00a1Me encantar\u00eda saber de ti! Por favor, ten en cuenta que puedo tardar algunos d\u00edas en responderte. Y, por favor, indica tambi\u00e9n una direcci\u00f3n a la que pueda responderte. Muchas gracias \ud83d\ude0a<\/p>\n","protected":false},"author":1,"featured_media":0,"parent":0,"menu_order":99,"comment_status":"closed","ping_status":"closed","template":"","meta":{"iawp_total_views":0,"footnotes":""},"class_list":["post-892","page","type-page","status-publish","hentry"],"_links":{"self":[{"href":"https:\/\/kayhelena.work\/es\/wp-json\/wp\/v2\/pages\/892","targetHints":{"allow":["GET"]}}],"collection":[{"href":"https:\/\/kayhelena.work\/es\/wp-json\/wp\/v2\/pages"}],"about":[{"href":"https:\/\/kayhelena.work\/es\/wp-json\/wp\/v2\/types\/page"}],"author":[{"embeddable":true,"href":"https:\/\/kayhelena.work\/es\/wp-json\/wp\/v2\/users\/1"}],"replies":[{"embeddable":true,"href":"https:\/\/kayhelena.work\/es\/wp-json\/wp\/v2\/comments?post=892"}],"version-history":[{"count":4,"href":"https:\/\/kayhelena.work\/es\/wp-json\/wp\/v2\/pages\/892\/revisions"}],"predecessor-version":[{"id":910,"href":"https:\/\/kayhelena.work\/es\/wp-json\/wp\/v2\/pages\/892\/revisions\/910"}],"wp:attachment":[{"href":"https:\/\/kayhelena.work\/es\/wp-json\/wp\/v2\/media?parent=892"}],"curies":[{"name":"wp","href":"https:\/\/api.w.org\/{rel}","templated":true}]}}